{"id":5030,"date":"2024-04-29T16:11:38","date_gmt":"2024-04-29T14:11:38","guid":{"rendered":"https:\/\/www.stagegent.org\/content\/?page_id=5030"},"modified":"2025-04-17T17:09:34","modified_gmt":"2025-04-17T15:09:34","slug":"service-sportif-ville-de-gand-sport-vlaanderen-gand","status":"publish","type":"page","link":"https:\/\/www.stagegent.org\/content\/fr\/service-sportif-ville-de-gand-sport-vlaanderen-gand\/","title":{"rendered":"Service sportif Ville de Gand &amp; Sport Vlaanderen (Gand)"},"content":{"rendered":"\n<h3 class=\"wp-block-heading\"><strong><strong>Sportdienst Stad Gent<\/strong><\/strong><\/h3>\n\n\n\n<div class=\"wp-block-columns is-layout-flex wp-container-core-columns-is-layout-9d6595d7 wp-block-columns-is-layout-flex\">\n<div class=\"wp-block-column is-layout-flow wp-block-column-is-layout-flow\" style=\"flex-basis:25%\">\n<figure class=\"wp-block-image alignleft size-full\"><a href=\"https:\/\/www.stagegent.org\/content\/wp-content\/uploads\/2023\/05\/Logo-Gent-sportdienst.png\" target=\"_blank\" rel=\" noreferrer noopener\"><img loading=\"lazy\" decoding=\"async\" width=\"141\" height=\"100\" src=\"https:\/\/www.stagegent.org\/content\/wp-content\/uploads\/2023\/05\/Logo-Gent-sportdienst.png\" alt=\"\" class=\"wp-image-4770\"\/><\/a><\/figure>\n<\/div>\n\n\n\n<div class=\"wp-block-column is-layout-flow wp-block-column-is-layout-flow\" style=\"flex-basis:75%\">\n<p>Parce que notre stage a chang\u00e9 de lieu, une <strong>collaboration<\/strong> a \u00e9t\u00e9 entam\u00e9e avec le <strong>Service sportif de la Ville de Gand<\/strong> :<\/p>\n\n\n\n<ul class=\"wp-block-list\">\n<li>Adresse: Zuiderlaan 13, 9000 Gent<\/li>\n\n\n\n<li>T\u00e9l\u00e9phone: +32 9 266 80 00<\/li>\n\n\n\n<li>Mail: <a href=\"mailto:sportdienst@stad.gent\">sportdienst@stad.gent<\/a><\/li>\n<\/ul>\n<\/div>\n<\/div>\n\n\n\n<h3 class=\"wp-block-heading\"><strong><strong>Sport Vlaanderen (Gent)<\/strong><\/strong><\/h3>\n\n\n\n<div class=\"wp-block-columns is-layout-flex wp-container-core-columns-is-layout-9d6595d7 wp-block-columns-is-layout-flex\">\n<div class=\"wp-block-column is-layout-flow wp-block-column-is-layout-flow\" style=\"flex-basis:25%\">\n<figure class=\"wp-block-image alignleft size-medium\"><a href=\"https:\/\/www.sport.vlaanderen\/\" target=\"_blank\" rel=\"noreferrer noopener\"><img loading=\"lazy\" decoding=\"async\" width=\"300\" height=\"118\" src=\"https:\/\/www.stagegent.org\/content\/wp-content\/uploads\/2024\/04\/Sport-Vlaanderen-300x118.png\" alt=\"\" class=\"wp-image-5024\" srcset=\"https:\/\/www.stagegent.org\/content\/wp-content\/uploads\/2024\/04\/Sport-Vlaanderen-300x118.png 300w, https:\/\/www.stagegent.org\/content\/wp-content\/uploads\/2024\/04\/Sport-Vlaanderen-705x278.png 705w, https:\/\/www.stagegent.org\/content\/wp-content\/uploads\/2024\/04\/Sport-Vlaanderen.png 762w\" sizes=\"auto, (max-width: 300px) 100vw, 300px\" \/><\/a><\/figure>\n<\/div>\n\n\n\n<div class=\"wp-block-column is-layout-flow wp-block-column-is-layout-flow\" style=\"flex-basis:75%\">\n<p>En raison des travaux, l&#8217;organisation a \u00e9t\u00e9 oblig\u00e9e de chercher un autre emplacement.<\/p>\n\n\n\n<p>La Coupe d&#8217;Europe JKA 2024 a \u00e9galement \u00e9t\u00e9 organis\u00e9e dans le m\u00eame complexe sportif. La coop\u00e9ration avant, pendant et apr\u00e8s la Coupe d&#8217;Europe JKA ayant \u00e9t\u00e9 particuli\u00e8rement agr\u00e9able, il a \u00e9t\u00e9 d\u00e9cid\u00e9 de poursuivre le stage ici.<\/p>\n\n\n\n<p>Et c&#8217;est pourquoi une <strong>collaboration<\/strong> a \u00e9galement \u00e9t\u00e9 lanc\u00e9e avec <strong>Sport Vlaanderen Gand<\/strong> :<\/p>\n\n\n\n<ul class=\"wp-block-list\">\n<li>Adresse: Zuiderlaan 14, 9000 Gent<\/li>\n\n\n\n<li>T\u00e9l\u00e9phone: +32 9 244 72 22<\/li>\n\n\n\n<li>Mail: <a href=\"mailto:gent@sport.vlaanderen\">gent@sport.vlaanderen<\/a><\/li>\n<\/ul>\n<\/div>\n<\/div>\n","protected":false},"excerpt":{"rendered":"<p>Sportdienst Stad Gent Parce que notre stage a chang\u00e9 de lieu, une collaboration a \u00e9t\u00e9 entam\u00e9e avec le Service sportif de la Ville de Gand : Sport Vlaanderen (Gent) En raison des travaux, l&#8217;organisation a \u00e9t\u00e9 oblig\u00e9e de chercher un autre emplacement. La Coupe d&#8217;Europe JKA 2024 a \u00e9galement \u00e9t\u00e9 organis\u00e9e dans le m\u00eame complexe [&hellip;]<\/p>\n","protected":false},"author":1,"featured_media":0,"parent":0,"menu_order":0,"comment_status":"closed","ping_status":"closed","template":"","meta":{"_exactmetrics_skip_tracking":false,"_exactmetrics_sitenote_active":false,"_exactmetrics_sitenote_note":"","_exactmetrics_sitenote_category":0,"footnotes":""},"class_list":["post-5030","page","type-page","status-publish","hentry"],"yoast_head":"<!-- This site is optimized with the Yoast SEO plugin v25.5 - https:\/\/yoast.com\/wordpress\/plugins\/seo\/ -->\n<title>Service sportif Ville de Gand &amp;amp; Sport Vlaanderen (Gand) - International JKA camp S. Miyazaki<\/title>\n<meta name=\"description\" content=\"Parce que notre stage a chang\u00e9 de lieu, une collaboration a \u00e9t\u00e9 entam\u00e9e avec le Service sportif de la Ville de Gand et Sport Vlaanderen Gand\" \/>\n<meta name=\"robots\" content=\"index, follow, max-snippet:-1, max-image-preview:large, max-video-preview:-1\" \/>\n<link rel=\"canonical\" href=\"https:\/\/www.stagegent.org\/content\/fr\/service-sportif-ville-de-gand-sport-vlaanderen-gand\/\" \/>\n<meta property=\"og:locale\" content=\"nl_NL\" \/>\n<meta property=\"og:type\" content=\"article\" \/>\n<meta property=\"og:title\" content=\"Service sportif Ville de Gand &amp;amp; Sport Vlaanderen (Gand) - International JKA camp S. Miyazaki\" \/>\n<meta property=\"og:description\" content=\"Parce que notre stage a chang\u00e9 de lieu, une collaboration a \u00e9t\u00e9 entam\u00e9e avec le Service sportif de la Ville de Gand et Sport Vlaanderen Gand\" \/>\n<meta property=\"og:url\" content=\"https:\/\/www.stagegent.org\/content\/fr\/service-sportif-ville-de-gand-sport-vlaanderen-gand\/\" \/>\n<meta property=\"og:site_name\" content=\"International JKA camp S. Miyazaki\" \/>\n<meta property=\"article:publisher\" content=\"https:\/\/www.facebook.com\/Internationale-JKA-Stage-S-Miyazaki-778343302215981\/\" \/>\n<meta property=\"article:modified_time\" content=\"2025-04-17T15:09:34+00:00\" \/>\n<meta property=\"og:image\" content=\"https:\/\/www.stagegent.org\/content\/wp-content\/uploads\/2023\/05\/Logo-Gent-sportdienst.png\" \/>\n\t<meta property=\"og:image:width\" content=\"141\" \/>\n\t<meta property=\"og:image:height\" content=\"100\" \/>\n\t<meta property=\"og:image:type\" content=\"image\/png\" \/>\n<meta name=\"twitter:card\" content=\"summary_large_image\" \/>\n<meta name=\"twitter:label1\" content=\"Geschatte leestijd\" \/>\n\t<meta name=\"twitter:data1\" content=\"1 minuut\" \/>\n<script type=\"application\/ld+json\" class=\"yoast-schema-graph\">{\"@context\":\"https:\/\/schema.org\",\"@graph\":[{\"@type\":\"WebPage\",\"@id\":\"https:\/\/www.stagegent.org\/content\/fr\/service-sportif-ville-de-gand-sport-vlaanderen-gand\/\",\"url\":\"https:\/\/www.stagegent.org\/content\/fr\/service-sportif-ville-de-gand-sport-vlaanderen-gand\/\",\"name\":\"Service sportif Ville de Gand &amp; Sport Vlaanderen (Gand) - International JKA camp S. Miyazaki\",\"isPartOf\":{\"@id\":\"https:\/\/www.stagegent.org\/content\/#website\"},\"primaryImageOfPage\":{\"@id\":\"https:\/\/www.stagegent.org\/content\/fr\/service-sportif-ville-de-gand-sport-vlaanderen-gand\/#primaryimage\"},\"image\":{\"@id\":\"https:\/\/www.stagegent.org\/content\/fr\/service-sportif-ville-de-gand-sport-vlaanderen-gand\/#primaryimage\"},\"thumbnailUrl\":\"https:\/\/www.stagegent.org\/content\/wp-content\/uploads\/2023\/05\/Logo-Gent-sportdienst.png\",\"datePublished\":\"2024-04-29T14:11:38+00:00\",\"dateModified\":\"2025-04-17T15:09:34+00:00\",\"description\":\"Parce que notre stage a chang\u00e9 de lieu, une collaboration a \u00e9t\u00e9 entam\u00e9e avec le Service sportif de la Ville de Gand et Sport Vlaanderen Gand\",\"breadcrumb\":{\"@id\":\"https:\/\/www.stagegent.org\/content\/fr\/service-sportif-ville-de-gand-sport-vlaanderen-gand\/#breadcrumb\"},\"inLanguage\":\"nl-NL\",\"potentialAction\":[{\"@type\":\"ReadAction\",\"target\":[\"https:\/\/www.stagegent.org\/content\/fr\/service-sportif-ville-de-gand-sport-vlaanderen-gand\/\"]}]},{\"@type\":\"ImageObject\",\"inLanguage\":\"nl-NL\",\"@id\":\"https:\/\/www.stagegent.org\/content\/fr\/service-sportif-ville-de-gand-sport-vlaanderen-gand\/#primaryimage\",\"url\":\"https:\/\/www.stagegent.org\/content\/wp-content\/uploads\/2023\/05\/Logo-Gent-sportdienst.png\",\"contentUrl\":\"https:\/\/www.stagegent.org\/content\/wp-content\/uploads\/2023\/05\/Logo-Gent-sportdienst.png\"},{\"@type\":\"BreadcrumbList\",\"@id\":\"https:\/\/www.stagegent.org\/content\/fr\/service-sportif-ville-de-gand-sport-vlaanderen-gand\/#breadcrumb\",\"itemListElement\":[{\"@type\":\"ListItem\",\"position\":1,\"name\":\"Home\",\"item\":\"https:\/\/www.stagegent.org\/content\/bedankt\/\"},{\"@type\":\"ListItem\",\"position\":2,\"name\":\"Service sportif Ville de Gand &amp; Sport Vlaanderen (Gand)\"}]},{\"@type\":\"WebSite\",\"@id\":\"https:\/\/www.stagegent.org\/content\/#website\",\"url\":\"https:\/\/www.stagegent.org\/content\/\",\"name\":\"International JKA camp S. Miyazaki\",\"description\":\"International JKA camp S. Miyazaki\",\"potentialAction\":[{\"@type\":\"SearchAction\",\"target\":{\"@type\":\"EntryPoint\",\"urlTemplate\":\"https:\/\/www.stagegent.org\/content\/?s={search_term_string}\"},\"query-input\":{\"@type\":\"PropertyValueSpecification\",\"valueRequired\":true,\"valueName\":\"search_term_string\"}}],\"inLanguage\":\"nl-NL\"}]}<\/script>\n<!-- \/ Yoast SEO plugin. -->","yoast_head_json":{"title":"Service sportif Ville de Gand &amp; Sport Vlaanderen (Gand) - International JKA camp S. Miyazaki","description":"Parce que notre stage a chang\u00e9 de lieu, une collaboration a \u00e9t\u00e9 entam\u00e9e avec le Service sportif de la Ville de Gand et Sport Vlaanderen Gand","robots":{"index":"index","follow":"follow","max-snippet":"max-snippet:-1","max-image-preview":"max-image-preview:large","max-video-preview":"max-video-preview:-1"},"canonical":"https:\/\/www.stagegent.org\/content\/fr\/service-sportif-ville-de-gand-sport-vlaanderen-gand\/","og_locale":"nl_NL","og_type":"article","og_title":"Service sportif Ville de Gand &amp; Sport Vlaanderen (Gand) - International JKA camp S. Miyazaki","og_description":"Parce que notre stage a chang\u00e9 de lieu, une collaboration a \u00e9t\u00e9 entam\u00e9e avec le Service sportif de la Ville de Gand et Sport Vlaanderen Gand","og_url":"https:\/\/www.stagegent.org\/content\/fr\/service-sportif-ville-de-gand-sport-vlaanderen-gand\/","og_site_name":"International JKA camp S. Miyazaki","article_publisher":"https:\/\/www.facebook.com\/Internationale-JKA-Stage-S-Miyazaki-778343302215981\/","article_modified_time":"2025-04-17T15:09:34+00:00","og_image":[{"width":141,"height":100,"url":"https:\/\/www.stagegent.org\/content\/wp-content\/uploads\/2023\/05\/Logo-Gent-sportdienst.png","type":"image\/png"}],"twitter_card":"summary_large_image","twitter_misc":{"Geschatte leestijd":"1 minuut"},"schema":{"@context":"https:\/\/schema.org","@graph":[{"@type":"WebPage","@id":"https:\/\/www.stagegent.org\/content\/fr\/service-sportif-ville-de-gand-sport-vlaanderen-gand\/","url":"https:\/\/www.stagegent.org\/content\/fr\/service-sportif-ville-de-gand-sport-vlaanderen-gand\/","name":"Service sportif Ville de Gand &amp; Sport Vlaanderen (Gand) - International JKA camp S. Miyazaki","isPartOf":{"@id":"https:\/\/www.stagegent.org\/content\/#website"},"primaryImageOfPage":{"@id":"https:\/\/www.stagegent.org\/content\/fr\/service-sportif-ville-de-gand-sport-vlaanderen-gand\/#primaryimage"},"image":{"@id":"https:\/\/www.stagegent.org\/content\/fr\/service-sportif-ville-de-gand-sport-vlaanderen-gand\/#primaryimage"},"thumbnailUrl":"https:\/\/www.stagegent.org\/content\/wp-content\/uploads\/2023\/05\/Logo-Gent-sportdienst.png","datePublished":"2024-04-29T14:11:38+00:00","dateModified":"2025-04-17T15:09:34+00:00","description":"Parce que notre stage a chang\u00e9 de lieu, une collaboration a \u00e9t\u00e9 entam\u00e9e avec le Service sportif de la Ville de Gand et Sport Vlaanderen Gand","breadcrumb":{"@id":"https:\/\/www.stagegent.org\/content\/fr\/service-sportif-ville-de-gand-sport-vlaanderen-gand\/#breadcrumb"},"inLanguage":"nl-NL","potentialAction":[{"@type":"ReadAction","target":["https:\/\/www.stagegent.org\/content\/fr\/service-sportif-ville-de-gand-sport-vlaanderen-gand\/"]}]},{"@type":"ImageObject","inLanguage":"nl-NL","@id":"https:\/\/www.stagegent.org\/content\/fr\/service-sportif-ville-de-gand-sport-vlaanderen-gand\/#primaryimage","url":"https:\/\/www.stagegent.org\/content\/wp-content\/uploads\/2023\/05\/Logo-Gent-sportdienst.png","contentUrl":"https:\/\/www.stagegent.org\/content\/wp-content\/uploads\/2023\/05\/Logo-Gent-sportdienst.png"},{"@type":"BreadcrumbList","@id":"https:\/\/www.stagegent.org\/content\/fr\/service-sportif-ville-de-gand-sport-vlaanderen-gand\/#breadcrumb","itemListElement":[{"@type":"ListItem","position":1,"name":"Home","item":"https:\/\/www.stagegent.org\/content\/bedankt\/"},{"@type":"ListItem","position":2,"name":"Service sportif Ville de Gand &amp; Sport Vlaanderen (Gand)"}]},{"@type":"WebSite","@id":"https:\/\/www.stagegent.org\/content\/#website","url":"https:\/\/www.stagegent.org\/content\/","name":"International JKA camp S. Miyazaki","description":"International JKA camp S. Miyazaki","potentialAction":[{"@type":"SearchAction","target":{"@type":"EntryPoint","urlTemplate":"https:\/\/www.stagegent.org\/content\/?s={search_term_string}"},"query-input":{"@type":"PropertyValueSpecification","valueRequired":true,"valueName":"search_term_string"}}],"inLanguage":"nl-NL"}]}},"_links":{"self":[{"href":"https:\/\/www.stagegent.org\/content\/wp-json\/wp\/v2\/pages\/5030","targetHints":{"allow":["GET"]}}],"collection":[{"href":"https:\/\/www.stagegent.org\/content\/wp-json\/wp\/v2\/pages"}],"about":[{"href":"https:\/\/www.stagegent.org\/content\/wp-json\/wp\/v2\/types\/page"}],"author":[{"embeddable":true,"href":"https:\/\/www.stagegent.org\/content\/wp-json\/wp\/v2\/users\/1"}],"replies":[{"embeddable":true,"href":"https:\/\/www.stagegent.org\/content\/wp-json\/wp\/v2\/comments?post=5030"}],"version-history":[{"count":8,"href":"https:\/\/www.stagegent.org\/content\/wp-json\/wp\/v2\/pages\/5030\/revisions"}],"predecessor-version":[{"id":5302,"href":"https:\/\/www.stagegent.org\/content\/wp-json\/wp\/v2\/pages\/5030\/revisions\/5302"}],"wp:attachment":[{"href":"https:\/\/www.stagegent.org\/content\/wp-json\/wp\/v2\/media?parent=5030"}],"curies":[{"name":"wp","href":"https:\/\/api.w.org\/{rel}","templated":true}]}}