{"id":3853,"date":"2018-05-21T19:42:17","date_gmt":"2018-05-21T17:42:17","guid":{"rendered":"https:\/\/www.stagegent.org\/content\/?page_id=3853"},"modified":"2022-05-09T19:41:06","modified_gmt":"2022-05-09T17:41:06","slug":"politique-de-confidentialite","status":"publish","type":"page","link":"https:\/\/www.stagegent.org\/content\/fr\/politique-de-confidentialite\/","title":{"rendered":"Politique de confidentialit\u00e9"},"content":{"rendered":"<div id=\"gt-form-c\">\n<form id=\"gt-form\" action=\"https:\/\/translate.google.com\/\" enctype=\"application\/x-www-form-urlencoded\" method=\"post\" name=\"text_form\">\n<div id=\"gt-appbar\">\n<div id=\"gt-apb-c\">\n<div id=\"gt-apb-main\">\n<h1>Politique de confidentialit\u00e9<\/h1>\n<p>P<strong>olitique de confidentialit\u00e9<\/strong> pour <strong>le stage international JKA S. MIYAZAKI<\/strong>, propri\u00e9taire de https:\/\/www.stagegent.org<\/p>\n<p><strong>1) Garantie de confidentialit\u00e9<\/strong><\/p>\n<p>Assurer la confidentialit\u00e9 des visiteurs sur https:\/\/www.stagegent.org est une t\u00e2che importante pour nous. C&#8217;est pourquoi nous d\u00e9crivons dans notre politique de confidentialit\u00e9 les informations que nous recueillons et comment nous utilisons ces informations.<\/p>\n<p><strong>2) Permission<\/strong><\/p>\n<p>En utilisant les informations et les services sur https:\/\/www.stagegent.org, vous acceptez notre politique de confidentialit\u00e9 et les termes et conditions que nous avons inclus ici.<\/p>\n<p><strong>3) Questions<\/strong><\/p>\n<p>Si vous souhaitez recevoir plus d&#8217;informations, ou si vous avez des questions sur la politique de confidentialit\u00e9 du stage international de JKA S. MIYAZAKI et sp\u00e9cifiquement https:\/\/www.stagegent.org, vous pouvez nous contacter par e-mail. Notre adresse e-mail est info@stagegent.org.<\/p>\n<p><strong>4) Surveille le comportement du visiteur<\/strong><\/p>\n<p>https:\/\/www.stagegent.org utilise diff\u00e9rentes techniques pour garder une trace de qui visite le site, comment ce visiteur se comporte sur le site et quelles pages sont visit\u00e9es. C&#8217;est une fa\u00e7on courante de travailler pour les sites Web car elle fournit des informations qui contribuent \u00e0 la qualit\u00e9 de l&#8217;exp\u00e9rience utilisateur. Les informations que nous enregistrons via les cookies comprennent, entre autres, les adresses IP, le type de navigateur et les pages visit\u00e9es.<\/p>\n<p>Nous surveillons \u00e9galement o\u00f9 les visiteurs visitent le site Web pour la premi\u00e8re fois et \u00e0 partir de quelle page ils quittent. Nous conservons ces informations de mani\u00e8re anonyme et ne sont pas li\u00e9es \u00e0 d&#8217;autres informations personnelles.<\/p>\n<p><strong>5) Utilisation de cookies<\/strong><\/p>\n<p>https:\/\/www.stagegent.org place des cookies avec les visiteurs. Nous faisons cela pour recueillir des informations sur les pages que les utilisateurs visitent sur notre site Web, pour garder une trace de la fr\u00e9quence \u00e0 laquelle les visiteurs reviennent et pour voir quelles pages se portent bien sur le site. Nous gardons \u00e9galement une trace des informations partag\u00e9es par le navigateur.<\/p>\n<p><strong>6) D\u00e9sactiver les cookies<\/strong><\/p>\n<p>Vous pouvez choisir de d\u00e9sactiver les cookies. Vous faites cela en utilisant les capacit\u00e9s de votre navigateur. Vous pouvez trouver plus d&#8217;informations sur ces options sur le site Web du fournisseur de votre navigateur.<\/p>\n<p><strong>7) Cookies de tiers<\/strong><\/p>\n<p>Il est possible que des tiers, tels que Google, annoncent sur notre site Web ou que nous utilisions un autre service. \u00c0 cette fin, ces tiers placent des cookies dans certains cas. Ces cookies ne peuvent pas \u00eatre influenc\u00e9s par https:\/\/www.stagegent.org.<\/p>\n<p><strong>9) Politique de confidentialit\u00e9 des annonceurs \/ tiers<\/strong><\/p>\n<p>Pour plus d&#8217;informations sur la politique de confidentialit\u00e9 de nos annonceurs et des tiers qui sont li\u00e9s \u00e0 ce site, s&#8217;il vous pla\u00eet visitez les sites Web de ces parties respectives. https:\/\/www.stagegent.org ne peut pas influencer ces cookies et la politique de confidentialit\u00e9 des cookies plac\u00e9s par des tiers. Ces cookies ne rel\u00e8vent pas de la politique de confidentialit\u00e9 de https:\/\/www.stagegent.org.<\/p>\n<p><strong>10) Informations provenant d&#8217;enfants<\/strong><\/p>\n<p>Nous croyons qu&#8217;il est important de fournir une protection suppl\u00e9mentaire aux enfants qui sont actifs en ligne. Nous encourageons les parents et les \u00e9ducateurs \u00e0 passer du temps ensemble en ligne. De cette fa\u00e7on, vous pouvez voir comment vos enfants se comportent en ligne, ce qu&#8217;ils font exactement en ligne et peuvent vous aider \u00e0 contr\u00f4ler leur comportement.<\/p>\n<p>https:\/\/www.stagegent.org ne recueille pas d&#8217;informations aupr\u00e8s des enfants de moins de 13 ans just-ce que pour l&#8217;inscription au stage. Si vous remarquez que cette r\u00e8gle est viol\u00e9e par nous ou notre \u00e9quipe, veuillez nous contacter en utilisant l&#8217;option de contact ci-dessus.<\/p>\n<\/div>\n<\/div>\n<\/div>\n<\/form>\n<\/div>\n","protected":false},"excerpt":{"rendered":"<p>Politique de confidentialit\u00e9 Politique de confidentialit\u00e9 pour le stage international JKA S. MIYAZAKI, propri\u00e9taire de https:\/\/www.stagegent.org 1) Garantie de confidentialit\u00e9 Assurer la confidentialit\u00e9 des visiteurs sur https:\/\/www.stagegent.org est une t\u00e2che importante pour nous. C&#8217;est pourquoi nous d\u00e9crivons dans notre politique de confidentialit\u00e9 les informations que nous recueillons et comment nous utilisons ces informations. 2) Permission [&hellip;]<\/p>\n","protected":false},"author":1,"featured_media":0,"parent":0,"menu_order":0,"comment_status":"closed","ping_status":"closed","template":"","meta":{"_exactmetrics_skip_tracking":false,"_exactmetrics_sitenote_active":false,"_exactmetrics_sitenote_note":"","_exactmetrics_sitenote_category":0,"footnotes":""},"class_list":["post-3853","page","type-page","status-publish","hentry"],"yoast_head":"<!-- This site is optimized with the Yoast SEO plugin v25.5 - https:\/\/yoast.com\/wordpress\/plugins\/seo\/ -->\n<title>Politique de confidentialit\u00e9 - International JKA camp S. Miyazaki<\/title>\n<meta name=\"robots\" content=\"index, follow, max-snippet:-1, max-image-preview:large, max-video-preview:-1\" \/>\n<link rel=\"canonical\" href=\"https:\/\/www.stagegent.org\/content\/fr\/politique-de-confidentialite\/\" \/>\n<meta property=\"og:locale\" content=\"nl_NL\" \/>\n<meta property=\"og:type\" content=\"article\" \/>\n<meta property=\"og:title\" content=\"Politique de confidentialit\u00e9 - International JKA camp S. Miyazaki\" \/>\n<meta property=\"og:description\" content=\"Politique de confidentialit\u00e9 Politique de confidentialit\u00e9 pour le stage international JKA S. MIYAZAKI, propri\u00e9taire de https:\/\/www.stagegent.org 1) Garantie de confidentialit\u00e9 Assurer la confidentialit\u00e9 des visiteurs sur https:\/\/www.stagegent.org est une t\u00e2che importante pour nous. C&#8217;est pourquoi nous d\u00e9crivons dans notre politique de confidentialit\u00e9 les informations que nous recueillons et comment nous utilisons ces informations. 2) Permission [&amp;hellip;]\" \/>\n<meta property=\"og:url\" content=\"https:\/\/www.stagegent.org\/content\/fr\/politique-de-confidentialite\/\" \/>\n<meta property=\"og:site_name\" content=\"International JKA camp S. Miyazaki\" \/>\n<meta property=\"article:publisher\" content=\"https:\/\/www.facebook.com\/Internationale-JKA-Stage-S-Miyazaki-778343302215981\/\" \/>\n<meta property=\"article:modified_time\" content=\"2022-05-09T17:41:06+00:00\" \/>\n<meta name=\"twitter:card\" content=\"summary_large_image\" \/>\n<meta name=\"twitter:label1\" content=\"Geschatte leestijd\" \/>\n\t<meta name=\"twitter:data1\" content=\"3 minuten\" \/>\n<script type=\"application\/ld+json\" class=\"yoast-schema-graph\">{\"@context\":\"https:\/\/schema.org\",\"@graph\":[{\"@type\":\"WebPage\",\"@id\":\"https:\/\/www.stagegent.org\/content\/fr\/politique-de-confidentialite\/\",\"url\":\"https:\/\/www.stagegent.org\/content\/fr\/politique-de-confidentialite\/\",\"name\":\"Politique de confidentialit\u00e9 - International JKA camp S. Miyazaki\",\"isPartOf\":{\"@id\":\"https:\/\/www.stagegent.org\/content\/#website\"},\"datePublished\":\"2018-05-21T17:42:17+00:00\",\"dateModified\":\"2022-05-09T17:41:06+00:00\",\"breadcrumb\":{\"@id\":\"https:\/\/www.stagegent.org\/content\/fr\/politique-de-confidentialite\/#breadcrumb\"},\"inLanguage\":\"nl-NL\",\"potentialAction\":[{\"@type\":\"ReadAction\",\"target\":[\"https:\/\/www.stagegent.org\/content\/fr\/politique-de-confidentialite\/\"]}]},{\"@type\":\"BreadcrumbList\",\"@id\":\"https:\/\/www.stagegent.org\/content\/fr\/politique-de-confidentialite\/#breadcrumb\",\"itemListElement\":[{\"@type\":\"ListItem\",\"position\":1,\"name\":\"Home\",\"item\":\"https:\/\/www.stagegent.org\/content\/bedankt\/\"},{\"@type\":\"ListItem\",\"position\":2,\"name\":\"Politique de confidentialit\u00e9\"}]},{\"@type\":\"WebSite\",\"@id\":\"https:\/\/www.stagegent.org\/content\/#website\",\"url\":\"https:\/\/www.stagegent.org\/content\/\",\"name\":\"International JKA camp S. Miyazaki\",\"description\":\"International JKA camp S. Miyazaki\",\"potentialAction\":[{\"@type\":\"SearchAction\",\"target\":{\"@type\":\"EntryPoint\",\"urlTemplate\":\"https:\/\/www.stagegent.org\/content\/?s={search_term_string}\"},\"query-input\":{\"@type\":\"PropertyValueSpecification\",\"valueRequired\":true,\"valueName\":\"search_term_string\"}}],\"inLanguage\":\"nl-NL\"}]}<\/script>\n<!-- \/ Yoast SEO plugin. -->","yoast_head_json":{"title":"Politique de confidentialit\u00e9 - International JKA camp S. Miyazaki","robots":{"index":"index","follow":"follow","max-snippet":"max-snippet:-1","max-image-preview":"max-image-preview:large","max-video-preview":"max-video-preview:-1"},"canonical":"https:\/\/www.stagegent.org\/content\/fr\/politique-de-confidentialite\/","og_locale":"nl_NL","og_type":"article","og_title":"Politique de confidentialit\u00e9 - International JKA camp S. Miyazaki","og_description":"Politique de confidentialit\u00e9 Politique de confidentialit\u00e9 pour le stage international JKA S. MIYAZAKI, propri\u00e9taire de https:\/\/www.stagegent.org 1) Garantie de confidentialit\u00e9 Assurer la confidentialit\u00e9 des visiteurs sur https:\/\/www.stagegent.org est une t\u00e2che importante pour nous. C&#8217;est pourquoi nous d\u00e9crivons dans notre politique de confidentialit\u00e9 les informations que nous recueillons et comment nous utilisons ces informations. 2) Permission [&hellip;]","og_url":"https:\/\/www.stagegent.org\/content\/fr\/politique-de-confidentialite\/","og_site_name":"International JKA camp S. Miyazaki","article_publisher":"https:\/\/www.facebook.com\/Internationale-JKA-Stage-S-Miyazaki-778343302215981\/","article_modified_time":"2022-05-09T17:41:06+00:00","twitter_card":"summary_large_image","twitter_misc":{"Geschatte leestijd":"3 minuten"},"schema":{"@context":"https:\/\/schema.org","@graph":[{"@type":"WebPage","@id":"https:\/\/www.stagegent.org\/content\/fr\/politique-de-confidentialite\/","url":"https:\/\/www.stagegent.org\/content\/fr\/politique-de-confidentialite\/","name":"Politique de confidentialit\u00e9 - International JKA camp S. Miyazaki","isPartOf":{"@id":"https:\/\/www.stagegent.org\/content\/#website"},"datePublished":"2018-05-21T17:42:17+00:00","dateModified":"2022-05-09T17:41:06+00:00","breadcrumb":{"@id":"https:\/\/www.stagegent.org\/content\/fr\/politique-de-confidentialite\/#breadcrumb"},"inLanguage":"nl-NL","potentialAction":[{"@type":"ReadAction","target":["https:\/\/www.stagegent.org\/content\/fr\/politique-de-confidentialite\/"]}]},{"@type":"BreadcrumbList","@id":"https:\/\/www.stagegent.org\/content\/fr\/politique-de-confidentialite\/#breadcrumb","itemListElement":[{"@type":"ListItem","position":1,"name":"Home","item":"https:\/\/www.stagegent.org\/content\/bedankt\/"},{"@type":"ListItem","position":2,"name":"Politique de confidentialit\u00e9"}]},{"@type":"WebSite","@id":"https:\/\/www.stagegent.org\/content\/#website","url":"https:\/\/www.stagegent.org\/content\/","name":"International JKA camp S. Miyazaki","description":"International JKA camp S. Miyazaki","potentialAction":[{"@type":"SearchAction","target":{"@type":"EntryPoint","urlTemplate":"https:\/\/www.stagegent.org\/content\/?s={search_term_string}"},"query-input":{"@type":"PropertyValueSpecification","valueRequired":true,"valueName":"search_term_string"}}],"inLanguage":"nl-NL"}]}},"_links":{"self":[{"href":"https:\/\/www.stagegent.org\/content\/wp-json\/wp\/v2\/pages\/3853","targetHints":{"allow":["GET"]}}],"collection":[{"href":"https:\/\/www.stagegent.org\/content\/wp-json\/wp\/v2\/pages"}],"about":[{"href":"https:\/\/www.stagegent.org\/content\/wp-json\/wp\/v2\/types\/page"}],"author":[{"embeddable":true,"href":"https:\/\/www.stagegent.org\/content\/wp-json\/wp\/v2\/users\/1"}],"replies":[{"embeddable":true,"href":"https:\/\/www.stagegent.org\/content\/wp-json\/wp\/v2\/comments?post=3853"}],"version-history":[{"count":1,"href":"https:\/\/www.stagegent.org\/content\/wp-json\/wp\/v2\/pages\/3853\/revisions"}],"predecessor-version":[{"id":3854,"href":"https:\/\/www.stagegent.org\/content\/wp-json\/wp\/v2\/pages\/3853\/revisions\/3854"}],"wp:attachment":[{"href":"https:\/\/www.stagegent.org\/content\/wp-json\/wp\/v2\/media?parent=3853"}],"curies":[{"name":"wp","href":"https:\/\/api.w.org\/{rel}","templated":true}]}}