{"id":3614,"date":"2024-04-29T16:47:46","date_gmt":"2024-04-29T14:47:46","guid":{"rendered":"https:\/\/www.stagegent.org\/content\/?page_id=3614"},"modified":"2025-04-17T17:05:56","modified_gmt":"2025-04-17T15:05:56","slug":"journee-des-jeunes","status":"publish","type":"page","link":"https:\/\/www.stagegent.org\/content\/fr\/journee-des-jeunes\/","title":{"rendered":"Jeunes"},"content":{"rendered":"\n<p>Pour cette \u00e9dition du <strong>stage international JKA S. MIYAZAKI<\/strong>&nbsp;des entra\u00eenements individuels pour les jeunes seront organis\u00e9es (mais il n\u2019y aura pas une journ\u00e9e sp\u00e9cifique pour les jeunes).<\/p>\n\n\n\n<p><em>Attention :<\/em><\/p>\n\n\n\n<p><em>Les jeunes s&#8217;entra\u00eenent en m\u00eame temps que le bloc des grades-dan. Lors des entra\u00eenements des grades-kyu, aucun entra\u00eenement ni accompagnement n&#8217;est assur\u00e9 par l&#8217;organisme. Les parents ou ls accompagnateurs de leur club sont donc responsables de leur accueil.<\/em><\/p>\n\n\n\n<div class=\"wp-block-columns is-layout-flex wp-container-core-columns-is-layout-7c7de313 wp-block-columns-is-layout-flex\" style=\"margin-bottom:var(--wp--preset--spacing--50)\">\n<div class=\"wp-block-column is-layout-flow wp-block-column-is-layout-flow\">\n<figure class=\"wp-block-image size-full\"><a href=\"https:\/\/www.stagegent.org\/content\/wp-content\/uploads\/2023\/05\/Jongeren-1-1.png\"><img loading=\"lazy\" decoding=\"async\" width=\"402\" height=\"268\" src=\"https:\/\/www.stagegent.org\/content\/wp-content\/uploads\/2023\/05\/Jongeren-1-1.png\" alt=\"\" class=\"wp-image-4798\" srcset=\"https:\/\/www.stagegent.org\/content\/wp-content\/uploads\/2023\/05\/Jongeren-1-1.png 402w, https:\/\/www.stagegent.org\/content\/wp-content\/uploads\/2023\/05\/Jongeren-1-1-300x200.png 300w\" sizes=\"auto, (max-width: 402px) 100vw, 402px\" \/><\/a><\/figure>\n<\/div>\n\n\n\n<div class=\"wp-block-column is-layout-flow wp-block-column-is-layout-flow\">\n<figure class=\"wp-block-image size-full\"><a href=\"https:\/\/www.stagegent.org\/content\/wp-content\/uploads\/2023\/05\/Jongeren-2-1.png\"><img loading=\"lazy\" decoding=\"async\" width=\"402\" height=\"268\" src=\"https:\/\/www.stagegent.org\/content\/wp-content\/uploads\/2023\/05\/Jongeren-2-1.png\" alt=\"\" class=\"wp-image-4800\" srcset=\"https:\/\/www.stagegent.org\/content\/wp-content\/uploads\/2023\/05\/Jongeren-2-1.png 402w, https:\/\/www.stagegent.org\/content\/wp-content\/uploads\/2023\/05\/Jongeren-2-1-300x200.png 300w\" sizes=\"auto, (max-width: 402px) 100vw, 402px\" \/><\/a><\/figure>\n<\/div>\n\n\n\n<div class=\"wp-block-column is-layout-flow wp-block-column-is-layout-flow\">\n<figure class=\"wp-block-image size-full is-resized\"><a href=\"https:\/\/www.stagegent.org\/content\/wp-content\/uploads\/2023\/05\/Jongeren-3-1.png\"><img loading=\"lazy\" decoding=\"async\" width=\"441\" height=\"268\" src=\"https:\/\/www.stagegent.org\/content\/wp-content\/uploads\/2023\/05\/Jongeren-3-1.png\" alt=\"\" class=\"wp-image-4801\" style=\"width:271px;height:164px\" srcset=\"https:\/\/www.stagegent.org\/content\/wp-content\/uploads\/2023\/05\/Jongeren-3-1.png 441w, https:\/\/www.stagegent.org\/content\/wp-content\/uploads\/2023\/05\/Jongeren-3-1-300x182.png 300w\" sizes=\"auto, (max-width: 441px) 100vw, 441px\" \/><\/a><\/figure>\n<\/div>\n<\/div>\n\n\n\n<h3 class=\"wp-block-heading\"><strong>Groupe cible<\/strong><strong><\/strong><\/h3>\n\n\n\n<p><strong>Jeunes \u00e0 partir de 7 jusqu\u2019au 13 ans <\/strong>(ann\u00e9es de naissance 2012 jusqu\u2019au 2018)<strong>.<\/strong><\/p>\n\n\n\n<h3 class=\"wp-block-heading\"><strong>But<\/strong><strong><\/strong><\/h3>\n\n\n\n<ul class=\"wp-block-list\">\n<li>faire profiter nos jeunes karateka de notre <strong>karat\u00e9 traditionnel<\/strong><\/li>\n\n\n\n<li>donner \u00e0 nos jeunes karateka l&#8217;occasion de <strong>fraterniser<\/strong> ce jour-l\u00e0 avec les karateka des autres clubs<\/li>\n<\/ul>\n\n\n\n<h3 class=\"wp-block-heading\"><strong>Montant<\/strong><strong><\/strong><\/h3>\n\n\n\n<ul class=\"wp-block-list\">\n<li>Voir inscriptions pr\u00e9alables <a href=\"https:\/\/www.stagegent.org\/content\/fr\/inscription-individuelement\/\">individuelles<\/a><\/li>\n\n\n\n<li>Voir inscriptions pr\u00e9alables&nbsp;<a href=\"https:\/\/www.stagegent.org\/content\/fr\/inscription-preable-par-club\/\">par club<\/a><\/li>\n<\/ul>\n\n\n\n<h3 class=\"wp-block-heading\"><strong>Attention<\/strong><\/h3>\n\n\n\n<p>Les jeunes qui ne souhaitent <strong>PAS<\/strong> participer aux entra\u00eenements des jeunes peuvent participer aux entra\u00eenements habituels du stage (par grade) <strong>mais uniquement \u00e0 partir du 7\u00b0 kyu<\/strong>.<\/p>\n","protected":false},"excerpt":{"rendered":"<p>Pour cette \u00e9dition du stage international JKA S. MIYAZAKI&nbsp;des entra\u00eenements individuels pour les jeunes seront organis\u00e9es (mais il n\u2019y aura pas une journ\u00e9e sp\u00e9cifique pour les jeunes). Attention : Les jeunes s&#8217;entra\u00eenent en m\u00eame temps que le bloc des grades-dan. Lors des entra\u00eenements des grades-kyu, aucun entra\u00eenement ni accompagnement n&#8217;est assur\u00e9 par l&#8217;organisme. Les parents [&hellip;]<\/p>\n","protected":false},"author":1,"featured_media":0,"parent":0,"menu_order":0,"comment_status":"closed","ping_status":"closed","template":"","meta":{"_exactmetrics_skip_tracking":false,"_exactmetrics_sitenote_active":false,"_exactmetrics_sitenote_note":"","_exactmetrics_sitenote_category":0,"footnotes":""},"class_list":["post-3614","page","type-page","status-publish","hentry"],"yoast_head":"<!-- This site is optimized with the Yoast SEO plugin v25.5 - https:\/\/yoast.com\/wordpress\/plugins\/seo\/ -->\n<title>Jeunes - International JKA camp S. Miyazaki<\/title>\n<meta name=\"description\" content=\"Pour cette 25i\u00e8me \u00e9dition du stage International JKA S. MIYAZAKI, une journ\u00e9e des jeunes sera organis\u00e9e le samedi 30 juin 2018.\" \/>\n<meta name=\"robots\" content=\"index, follow, max-snippet:-1, max-image-preview:large, max-video-preview:-1\" \/>\n<link rel=\"canonical\" href=\"https:\/\/www.stagegent.org\/content\/fr\/journee-des-jeunes\/\" \/>\n<meta property=\"og:locale\" content=\"nl_NL\" \/>\n<meta property=\"og:type\" content=\"article\" \/>\n<meta property=\"og:title\" content=\"Jeunes - International JKA camp S. Miyazaki\" \/>\n<meta property=\"og:description\" content=\"Pour cette 25i\u00e8me \u00e9dition du stage International JKA S. MIYAZAKI, une journ\u00e9e des jeunes sera organis\u00e9e le samedi 30 juin 2018.\" \/>\n<meta property=\"og:url\" content=\"https:\/\/www.stagegent.org\/content\/fr\/journee-des-jeunes\/\" \/>\n<meta property=\"og:site_name\" content=\"International JKA camp S. Miyazaki\" \/>\n<meta property=\"article:publisher\" content=\"https:\/\/www.facebook.com\/Internationale-JKA-Stage-S-Miyazaki-778343302215981\/\" \/>\n<meta property=\"article:modified_time\" content=\"2025-04-17T15:05:56+00:00\" \/>\n<meta property=\"og:image\" content=\"https:\/\/www.stagegent.org\/content\/wp-content\/uploads\/2023\/05\/Jongeren-1-1.png\" \/>\n\t<meta property=\"og:image:width\" content=\"402\" \/>\n\t<meta property=\"og:image:height\" content=\"268\" \/>\n\t<meta property=\"og:image:type\" content=\"image\/png\" \/>\n<meta name=\"twitter:card\" content=\"summary_large_image\" \/>\n<meta name=\"twitter:label1\" content=\"Geschatte leestijd\" \/>\n\t<meta name=\"twitter:data1\" content=\"2 minuten\" \/>\n<script type=\"application\/ld+json\" class=\"yoast-schema-graph\">{\"@context\":\"https:\/\/schema.org\",\"@graph\":[{\"@type\":\"WebPage\",\"@id\":\"https:\/\/www.stagegent.org\/content\/fr\/journee-des-jeunes\/\",\"url\":\"https:\/\/www.stagegent.org\/content\/fr\/journee-des-jeunes\/\",\"name\":\"Jeunes - International JKA camp S. Miyazaki\",\"isPartOf\":{\"@id\":\"https:\/\/www.stagegent.org\/content\/#website\"},\"primaryImageOfPage\":{\"@id\":\"https:\/\/www.stagegent.org\/content\/fr\/journee-des-jeunes\/#primaryimage\"},\"image\":{\"@id\":\"https:\/\/www.stagegent.org\/content\/fr\/journee-des-jeunes\/#primaryimage\"},\"thumbnailUrl\":\"https:\/\/www.stagegent.org\/content\/wp-content\/uploads\/2023\/05\/Jongeren-1-1.png\",\"datePublished\":\"2024-04-29T14:47:46+00:00\",\"dateModified\":\"2025-04-17T15:05:56+00:00\",\"description\":\"Pour cette 25i\u00e8me \u00e9dition du stage International JKA S. MIYAZAKI, une journ\u00e9e des jeunes sera organis\u00e9e le samedi 30 juin 2018.\",\"breadcrumb\":{\"@id\":\"https:\/\/www.stagegent.org\/content\/fr\/journee-des-jeunes\/#breadcrumb\"},\"inLanguage\":\"nl-NL\",\"potentialAction\":[{\"@type\":\"ReadAction\",\"target\":[\"https:\/\/www.stagegent.org\/content\/fr\/journee-des-jeunes\/\"]}]},{\"@type\":\"ImageObject\",\"inLanguage\":\"nl-NL\",\"@id\":\"https:\/\/www.stagegent.org\/content\/fr\/journee-des-jeunes\/#primaryimage\",\"url\":\"https:\/\/www.stagegent.org\/content\/wp-content\/uploads\/2023\/05\/Jongeren-1-1.png\",\"contentUrl\":\"https:\/\/www.stagegent.org\/content\/wp-content\/uploads\/2023\/05\/Jongeren-1-1.png\"},{\"@type\":\"BreadcrumbList\",\"@id\":\"https:\/\/www.stagegent.org\/content\/fr\/journee-des-jeunes\/#breadcrumb\",\"itemListElement\":[{\"@type\":\"ListItem\",\"position\":1,\"name\":\"Home\",\"item\":\"https:\/\/www.stagegent.org\/content\/bedankt\/\"},{\"@type\":\"ListItem\",\"position\":2,\"name\":\"Jeunes\"}]},{\"@type\":\"WebSite\",\"@id\":\"https:\/\/www.stagegent.org\/content\/#website\",\"url\":\"https:\/\/www.stagegent.org\/content\/\",\"name\":\"International JKA camp S. Miyazaki\",\"description\":\"International JKA camp S. Miyazaki\",\"potentialAction\":[{\"@type\":\"SearchAction\",\"target\":{\"@type\":\"EntryPoint\",\"urlTemplate\":\"https:\/\/www.stagegent.org\/content\/?s={search_term_string}\"},\"query-input\":{\"@type\":\"PropertyValueSpecification\",\"valueRequired\":true,\"valueName\":\"search_term_string\"}}],\"inLanguage\":\"nl-NL\"}]}<\/script>\n<!-- \/ Yoast SEO plugin. -->","yoast_head_json":{"title":"Jeunes - International JKA camp S. Miyazaki","description":"Pour cette 25i\u00e8me \u00e9dition du stage International JKA S. MIYAZAKI, une journ\u00e9e des jeunes sera organis\u00e9e le samedi 30 juin 2018.","robots":{"index":"index","follow":"follow","max-snippet":"max-snippet:-1","max-image-preview":"max-image-preview:large","max-video-preview":"max-video-preview:-1"},"canonical":"https:\/\/www.stagegent.org\/content\/fr\/journee-des-jeunes\/","og_locale":"nl_NL","og_type":"article","og_title":"Jeunes - International JKA camp S. Miyazaki","og_description":"Pour cette 25i\u00e8me \u00e9dition du stage International JKA S. MIYAZAKI, une journ\u00e9e des jeunes sera organis\u00e9e le samedi 30 juin 2018.","og_url":"https:\/\/www.stagegent.org\/content\/fr\/journee-des-jeunes\/","og_site_name":"International JKA camp S. Miyazaki","article_publisher":"https:\/\/www.facebook.com\/Internationale-JKA-Stage-S-Miyazaki-778343302215981\/","article_modified_time":"2025-04-17T15:05:56+00:00","og_image":[{"width":402,"height":268,"url":"https:\/\/www.stagegent.org\/content\/wp-content\/uploads\/2023\/05\/Jongeren-1-1.png","type":"image\/png"}],"twitter_card":"summary_large_image","twitter_misc":{"Geschatte leestijd":"2 minuten"},"schema":{"@context":"https:\/\/schema.org","@graph":[{"@type":"WebPage","@id":"https:\/\/www.stagegent.org\/content\/fr\/journee-des-jeunes\/","url":"https:\/\/www.stagegent.org\/content\/fr\/journee-des-jeunes\/","name":"Jeunes - International JKA camp S. Miyazaki","isPartOf":{"@id":"https:\/\/www.stagegent.org\/content\/#website"},"primaryImageOfPage":{"@id":"https:\/\/www.stagegent.org\/content\/fr\/journee-des-jeunes\/#primaryimage"},"image":{"@id":"https:\/\/www.stagegent.org\/content\/fr\/journee-des-jeunes\/#primaryimage"},"thumbnailUrl":"https:\/\/www.stagegent.org\/content\/wp-content\/uploads\/2023\/05\/Jongeren-1-1.png","datePublished":"2024-04-29T14:47:46+00:00","dateModified":"2025-04-17T15:05:56+00:00","description":"Pour cette 25i\u00e8me \u00e9dition du stage International JKA S. MIYAZAKI, une journ\u00e9e des jeunes sera organis\u00e9e le samedi 30 juin 2018.","breadcrumb":{"@id":"https:\/\/www.stagegent.org\/content\/fr\/journee-des-jeunes\/#breadcrumb"},"inLanguage":"nl-NL","potentialAction":[{"@type":"ReadAction","target":["https:\/\/www.stagegent.org\/content\/fr\/journee-des-jeunes\/"]}]},{"@type":"ImageObject","inLanguage":"nl-NL","@id":"https:\/\/www.stagegent.org\/content\/fr\/journee-des-jeunes\/#primaryimage","url":"https:\/\/www.stagegent.org\/content\/wp-content\/uploads\/2023\/05\/Jongeren-1-1.png","contentUrl":"https:\/\/www.stagegent.org\/content\/wp-content\/uploads\/2023\/05\/Jongeren-1-1.png"},{"@type":"BreadcrumbList","@id":"https:\/\/www.stagegent.org\/content\/fr\/journee-des-jeunes\/#breadcrumb","itemListElement":[{"@type":"ListItem","position":1,"name":"Home","item":"https:\/\/www.stagegent.org\/content\/bedankt\/"},{"@type":"ListItem","position":2,"name":"Jeunes"}]},{"@type":"WebSite","@id":"https:\/\/www.stagegent.org\/content\/#website","url":"https:\/\/www.stagegent.org\/content\/","name":"International JKA camp S. Miyazaki","description":"International JKA camp S. Miyazaki","potentialAction":[{"@type":"SearchAction","target":{"@type":"EntryPoint","urlTemplate":"https:\/\/www.stagegent.org\/content\/?s={search_term_string}"},"query-input":{"@type":"PropertyValueSpecification","valueRequired":true,"valueName":"search_term_string"}}],"inLanguage":"nl-NL"}]}},"_links":{"self":[{"href":"https:\/\/www.stagegent.org\/content\/wp-json\/wp\/v2\/pages\/3614","targetHints":{"allow":["GET"]}}],"collection":[{"href":"https:\/\/www.stagegent.org\/content\/wp-json\/wp\/v2\/pages"}],"about":[{"href":"https:\/\/www.stagegent.org\/content\/wp-json\/wp\/v2\/types\/page"}],"author":[{"embeddable":true,"href":"https:\/\/www.stagegent.org\/content\/wp-json\/wp\/v2\/users\/1"}],"replies":[{"embeddable":true,"href":"https:\/\/www.stagegent.org\/content\/wp-json\/wp\/v2\/comments?post=3614"}],"version-history":[{"count":18,"href":"https:\/\/www.stagegent.org\/content\/wp-json\/wp\/v2\/pages\/3614\/revisions"}],"predecessor-version":[{"id":5300,"href":"https:\/\/www.stagegent.org\/content\/wp-json\/wp\/v2\/pages\/3614\/revisions\/5300"}],"wp:attachment":[{"href":"https:\/\/www.stagegent.org\/content\/wp-json\/wp\/v2\/media?parent=3614"}],"curies":[{"name":"wp","href":"https:\/\/api.w.org\/{rel}","templated":true}]}}