{"id":3390,"date":"2024-04-29T16:21:52","date_gmt":"2024-04-29T14:21:52","guid":{"rendered":"http:\/\/www.stagegent.org\/content\/?page_id=3390"},"modified":"2025-06-26T19:08:09","modified_gmt":"2025-06-26T17:08:09","slug":"inscription-individuelement","status":"publish","type":"page","link":"https:\/\/www.stagegent.org\/content\/fr\/inscription-individuelement\/","title":{"rendered":"Individuelement"},"content":{"rendered":"\n<p>Si vous souhaitez vous inscrire de mani\u00e8re individuelle (et non via votre club), vous pouvez vous inscrire <strong>\u00e0 l&#8217;avance ou sur place<\/strong>. Cette inscription n&#8217;est possible que pour la <strong>totalit\u00e9 du stage<\/strong> ou <strong>pour une journ\u00e9e<\/strong>.<\/p>\n\n\n\n<p>Une <strong>inscription individuelle avant le d\u00e9but du stage (= pr\u00e9-inscription individuelle<\/strong>) offre l&#8217;avantage suivant : <strong>pas de travail administratif sur place<\/strong>, vous ne perdez donc pas de temps suppl\u00e9mentaire \u00e0 faire la queue.<\/p>\n\n\n\n<figure class=\"wp-block-table\"><table><tbody><tr><td><strong>LICENCE<\/strong><\/td><td><strong>MONTANT PAR ENTRAINEMENT INDIVIDUEL<\/strong><\/td><td><strong>MONTANT PAR JOUR<\/strong><\/td><td><strong>MONTANT PAR STAGE<\/strong><\/td><\/tr><tr><td>Karate Vlaanderen \/ JKA Francophone<\/td><td>20 \u20ac\/entra\u00eenement<\/td><td>35 \u20ac\/jour<br>(vendredi, samedi &amp; dimanche = 2 entra\u00eenements)<\/td><td>80 \u20ac\/stage<\/td><\/tr><tr><td>Autre f\u00e9d\u00e9ration karat\u00e9<\/td><td>25 \u20ac\/entra\u00eenement<\/td><td>45 \u20ac\/jour<br>(vendredi, samedi &amp; dimanche = 2 entra\u00eenements)<\/td><td>100 \u20ac\/stage<\/td><\/tr><\/tbody><\/table><\/figure>\n\n\n\n<h3 class=\"wp-block-heading\"><strong><strong>Instructions individuelles de pr\u00e9-inscription<\/strong><\/strong><\/h3>\n\n\n\n<ul class=\"wp-block-list\">\n<li>Merci de vous <strong>inscrire au plus tard le dimanche 22 juin 2025<\/strong> en utilisant le formulaire ci-dessous.<\/li>\n\n\n\n<li>Veuillez <strong>payer <\/strong>le montant exact <strong>au plus tard le dimanche 22 juin 2025<\/strong>. Le paiement s&#8217;effectue par virement sur le compte BE70 0019 3647 1725 (code Bic : GEBABEBB) de \u00ab&nbsp;STAGE GENT \u00bb en indiquant \u00ab nom du PARTICIPANT et NUM\u00c9RO DE LICENSE \u00bb.<\/li>\n<\/ul>\n\n\n\n<p>L&#8217;inscription n&#8217;est valable que si vous avez re\u00e7u un email de confirmation.<\/p>\n\n\n\n<p><strong>Paiement sur place = cash ou via terminal de paiement<\/strong><\/p>\n\n\n\n<p><strong><u>Inscriptions<\/u><\/strong><strong><u><\/u><\/strong><\/p>\n\n\n\n<p>Veuillez tout compl\u00e9ter en LETTRES MAJUSCULES. Cela simplifie les d\u00e9marches administratives.<a id=\"_msocom_1\"><\/a><\/p>\n\n\n","protected":false},"excerpt":{"rendered":"<p>Si vous souhaitez vous inscrire de mani\u00e8re individuelle (et non via votre club), vous pouvez vous inscrire \u00e0 l&#8217;avance ou sur place. Cette inscription n&#8217;est possible que pour la totalit\u00e9 du stage ou pour une journ\u00e9e. Une inscription individuelle avant le d\u00e9but du stage (= pr\u00e9-inscription individuelle) offre l&#8217;avantage suivant : pas de travail administratif [&hellip;]<\/p>\n","protected":false},"author":1,"featured_media":0,"parent":0,"menu_order":0,"comment_status":"closed","ping_status":"closed","template":"","meta":{"_exactmetrics_skip_tracking":false,"_exactmetrics_sitenote_active":false,"_exactmetrics_sitenote_note":"","_exactmetrics_sitenote_category":0,"footnotes":""},"class_list":["post-3390","page","type-page","status-publish","hentry"],"yoast_head":"<!-- This site is optimized with the Yoast SEO plugin v25.5 - https:\/\/yoast.com\/wordpress\/plugins\/seo\/ -->\n<title>Individuelement - International JKA camp S. Miyazaki<\/title>\n<meta name=\"description\" content=\"L&#039;inscription individuelle peut\u00a0se faire soit pr\u00e9alablement soit sur place. Plus d&#039;info et le formulaire peut \u00eatre trouv\u00e9 sur cette page\" \/>\n<meta name=\"robots\" content=\"index, follow, max-snippet:-1, max-image-preview:large, max-video-preview:-1\" \/>\n<link rel=\"canonical\" href=\"https:\/\/www.stagegent.org\/content\/fr\/inscription-individuelement\/\" \/>\n<meta property=\"og:locale\" content=\"nl_NL\" \/>\n<meta property=\"og:type\" content=\"article\" \/>\n<meta property=\"og:title\" content=\"Individuelement - International JKA camp S. Miyazaki\" \/>\n<meta property=\"og:description\" content=\"L&#039;inscription individuelle peut\u00a0se faire soit pr\u00e9alablement soit sur place. Plus d&#039;info et le formulaire peut \u00eatre trouv\u00e9 sur cette page\" \/>\n<meta property=\"og:url\" content=\"https:\/\/www.stagegent.org\/content\/fr\/inscription-individuelement\/\" \/>\n<meta property=\"og:site_name\" content=\"International JKA camp S. Miyazaki\" \/>\n<meta property=\"article:publisher\" content=\"https:\/\/www.facebook.com\/Internationale-JKA-Stage-S-Miyazaki-778343302215981\/\" \/>\n<meta property=\"article:modified_time\" content=\"2025-06-26T17:08:09+00:00\" \/>\n<meta name=\"twitter:card\" content=\"summary_large_image\" \/>\n<meta name=\"twitter:label1\" content=\"Geschatte leestijd\" \/>\n\t<meta name=\"twitter:data1\" content=\"2 minuten\" \/>\n<script type=\"application\/ld+json\" class=\"yoast-schema-graph\">{\"@context\":\"https:\/\/schema.org\",\"@graph\":[{\"@type\":\"WebPage\",\"@id\":\"https:\/\/www.stagegent.org\/content\/fr\/inscription-individuelement\/\",\"url\":\"https:\/\/www.stagegent.org\/content\/fr\/inscription-individuelement\/\",\"name\":\"Individuelement - International JKA camp S. Miyazaki\",\"isPartOf\":{\"@id\":\"https:\/\/www.stagegent.org\/content\/#website\"},\"datePublished\":\"2024-04-29T14:21:52+00:00\",\"dateModified\":\"2025-06-26T17:08:09+00:00\",\"description\":\"L'inscription individuelle peut\u00a0se faire soit pr\u00e9alablement soit sur place. Plus d'info et le formulaire peut \u00eatre trouv\u00e9 sur cette page\",\"breadcrumb\":{\"@id\":\"https:\/\/www.stagegent.org\/content\/fr\/inscription-individuelement\/#breadcrumb\"},\"inLanguage\":\"nl-NL\",\"potentialAction\":[{\"@type\":\"ReadAction\",\"target\":[\"https:\/\/www.stagegent.org\/content\/fr\/inscription-individuelement\/\"]}]},{\"@type\":\"BreadcrumbList\",\"@id\":\"https:\/\/www.stagegent.org\/content\/fr\/inscription-individuelement\/#breadcrumb\",\"itemListElement\":[{\"@type\":\"ListItem\",\"position\":1,\"name\":\"Home\",\"item\":\"https:\/\/www.stagegent.org\/content\/bedankt\/\"},{\"@type\":\"ListItem\",\"position\":2,\"name\":\"Individuelement\"}]},{\"@type\":\"WebSite\",\"@id\":\"https:\/\/www.stagegent.org\/content\/#website\",\"url\":\"https:\/\/www.stagegent.org\/content\/\",\"name\":\"International JKA camp S. Miyazaki\",\"description\":\"International JKA camp S. Miyazaki\",\"potentialAction\":[{\"@type\":\"SearchAction\",\"target\":{\"@type\":\"EntryPoint\",\"urlTemplate\":\"https:\/\/www.stagegent.org\/content\/?s={search_term_string}\"},\"query-input\":{\"@type\":\"PropertyValueSpecification\",\"valueRequired\":true,\"valueName\":\"search_term_string\"}}],\"inLanguage\":\"nl-NL\"}]}<\/script>\n<!-- \/ Yoast SEO plugin. -->","yoast_head_json":{"title":"Individuelement - International JKA camp S. Miyazaki","description":"L'inscription individuelle peut\u00a0se faire soit pr\u00e9alablement soit sur place. Plus d'info et le formulaire peut \u00eatre trouv\u00e9 sur cette page","robots":{"index":"index","follow":"follow","max-snippet":"max-snippet:-1","max-image-preview":"max-image-preview:large","max-video-preview":"max-video-preview:-1"},"canonical":"https:\/\/www.stagegent.org\/content\/fr\/inscription-individuelement\/","og_locale":"nl_NL","og_type":"article","og_title":"Individuelement - International JKA camp S. Miyazaki","og_description":"L'inscription individuelle peut\u00a0se faire soit pr\u00e9alablement soit sur place. Plus d'info et le formulaire peut \u00eatre trouv\u00e9 sur cette page","og_url":"https:\/\/www.stagegent.org\/content\/fr\/inscription-individuelement\/","og_site_name":"International JKA camp S. Miyazaki","article_publisher":"https:\/\/www.facebook.com\/Internationale-JKA-Stage-S-Miyazaki-778343302215981\/","article_modified_time":"2025-06-26T17:08:09+00:00","twitter_card":"summary_large_image","twitter_misc":{"Geschatte leestijd":"2 minuten"},"schema":{"@context":"https:\/\/schema.org","@graph":[{"@type":"WebPage","@id":"https:\/\/www.stagegent.org\/content\/fr\/inscription-individuelement\/","url":"https:\/\/www.stagegent.org\/content\/fr\/inscription-individuelement\/","name":"Individuelement - International JKA camp S. Miyazaki","isPartOf":{"@id":"https:\/\/www.stagegent.org\/content\/#website"},"datePublished":"2024-04-29T14:21:52+00:00","dateModified":"2025-06-26T17:08:09+00:00","description":"L'inscription individuelle peut\u00a0se faire soit pr\u00e9alablement soit sur place. Plus d'info et le formulaire peut \u00eatre trouv\u00e9 sur cette page","breadcrumb":{"@id":"https:\/\/www.stagegent.org\/content\/fr\/inscription-individuelement\/#breadcrumb"},"inLanguage":"nl-NL","potentialAction":[{"@type":"ReadAction","target":["https:\/\/www.stagegent.org\/content\/fr\/inscription-individuelement\/"]}]},{"@type":"BreadcrumbList","@id":"https:\/\/www.stagegent.org\/content\/fr\/inscription-individuelement\/#breadcrumb","itemListElement":[{"@type":"ListItem","position":1,"name":"Home","item":"https:\/\/www.stagegent.org\/content\/bedankt\/"},{"@type":"ListItem","position":2,"name":"Individuelement"}]},{"@type":"WebSite","@id":"https:\/\/www.stagegent.org\/content\/#website","url":"https:\/\/www.stagegent.org\/content\/","name":"International JKA camp S. Miyazaki","description":"International JKA camp S. Miyazaki","potentialAction":[{"@type":"SearchAction","target":{"@type":"EntryPoint","urlTemplate":"https:\/\/www.stagegent.org\/content\/?s={search_term_string}"},"query-input":{"@type":"PropertyValueSpecification","valueRequired":true,"valueName":"search_term_string"}}],"inLanguage":"nl-NL"}]}},"_links":{"self":[{"href":"https:\/\/www.stagegent.org\/content\/wp-json\/wp\/v2\/pages\/3390","targetHints":{"allow":["GET"]}}],"collection":[{"href":"https:\/\/www.stagegent.org\/content\/wp-json\/wp\/v2\/pages"}],"about":[{"href":"https:\/\/www.stagegent.org\/content\/wp-json\/wp\/v2\/types\/page"}],"author":[{"embeddable":true,"href":"https:\/\/www.stagegent.org\/content\/wp-json\/wp\/v2\/users\/1"}],"replies":[{"embeddable":true,"href":"https:\/\/www.stagegent.org\/content\/wp-json\/wp\/v2\/comments?post=3390"}],"version-history":[{"count":33,"href":"https:\/\/www.stagegent.org\/content\/wp-json\/wp\/v2\/pages\/3390\/revisions"}],"predecessor-version":[{"id":5342,"href":"https:\/\/www.stagegent.org\/content\/wp-json\/wp\/v2\/pages\/3390\/revisions\/5342"}],"wp:attachment":[{"href":"https:\/\/www.stagegent.org\/content\/wp-json\/wp\/v2\/media?parent=3390"}],"curies":[{"name":"wp","href":"https:\/\/api.w.org\/{rel}","templated":true}]}}