{"id":3311,"date":"2024-05-02T17:38:17","date_gmt":"2024-05-02T15:38:17","guid":{"rendered":"http:\/\/www.stagegent.org\/content\/?page_id=3311"},"modified":"2025-06-29T20:07:51","modified_gmt":"2025-06-29T18:07:51","slug":"information","status":"publish","type":"page","link":"https:\/\/www.stagegent.org\/content\/fr\/information\/","title":{"rendered":"Information"},"content":{"rendered":"\n<h3 class=\"wp-block-heading\"><strong><strong>Enregistrer<\/strong><\/strong><\/h3>\n\n\n\n<p><strong>Attention :&nbsp;NOUVELLE adresse!<\/strong><strong><\/strong><\/p>\n\n\n\n<p>Vous pouvez vous <strong>inscrire<\/strong> le <strong>vendredi 4 juillet 2025 \u00e0 partir de 11h30<\/strong>, le <strong>samedi 5 juillet 2025 \u00e0 partir de 8h30<\/strong> et le <strong>dimanche 6 juillet 2025 \u00e0 partir de 9h00<\/strong> :<\/p>\n\n\n\n<ul class=\"wp-block-list\">\n<li>soit \u00e0 la <strong>table administrative centrale<\/strong> si vous n&#8217;\u00eates pas encore inscrit au pr\u00e9alable, pour vous <strong>inscrire sur place<\/strong><\/li>\n\n\n\n<li>ou \u00e0 <strong>l&#8217;accueil<\/strong>, si vous \u00eates d\u00e9j\u00e0 inscrit au pr\u00e9alable, pour <strong>r\u00e9cup\u00e9rer votre carte de participant<\/strong><\/li>\n<\/ul>\n\n\n\n<h3 class=\"wp-block-heading\"><strong>Licence<\/strong><\/h3>\n\n\n\n<ul class=\"wp-block-list\">\n<li>Ce stage est ouvert \u00e0 tout karat\u00e9ka titulaire d&#8217;une <strong>licence valide d&#8217;une f\u00e9d\u00e9ration de karat\u00e9 reconnue au niveau national<\/strong>. Veuillez toujours avoir cette licence avec vous pendant le stage, afin de pouvoir le pr\u00e9senter sur demande aimable.<\/li>\n\n\n\n<li>Si vous ne pouvez pas pr\u00e9senter une licence valide, vous devrez signer sur place un document dans lequel vous d\u00e9gagez l&#8217;organisation du stage de toute responsabilit\u00e9 et par cons\u00e9quent, les \u00e9ventuelles cons\u00e9quences d&#8217;une blessure, d&#8217;un accident, etc. sont enti\u00e8rement \u00e0 votre charge.<\/li>\n<\/ul>\n\n\n\n<p>Enfin : les participants \u00e0 ce stage se conforment aux directives de l&#8217;organisation de ce stage et se d\u00e9clarent au moyen de : leur inscription sans pr\u00e9judice de cela.<\/p>\n\n\n\n<div class=\"wp-block-columns is-layout-flex wp-container-core-columns-is-layout-9d6595d7 wp-block-columns-is-layout-flex\">\n<div class=\"wp-block-column is-layout-flow wp-block-column-is-layout-flow\">\n<figure class=\"wp-block-image size-full\"><a href=\"https:\/\/www.stagegent.org\/content\/wp-content\/uploads\/2024\/05\/Informatie-1-1.jpg\"><img loading=\"lazy\" decoding=\"async\" width=\"702\" height=\"391\" src=\"https:\/\/www.stagegent.org\/content\/wp-content\/uploads\/2024\/05\/Informatie-1-1.jpg\" alt=\"\" class=\"wp-image-5157\" srcset=\"https:\/\/www.stagegent.org\/content\/wp-content\/uploads\/2024\/05\/Informatie-1-1.jpg 702w, https:\/\/www.stagegent.org\/content\/wp-content\/uploads\/2024\/05\/Informatie-1-1-300x167.jpg 300w\" sizes=\"auto, (max-width: 702px) 100vw, 702px\" \/><\/a><\/figure>\n<\/div>\n\n\n\n<div class=\"wp-block-column is-layout-flow wp-block-column-is-layout-flow\">\n<figure class=\"wp-block-image size-full\"><a href=\"https:\/\/www.stagegent.org\/content\/wp-content\/uploads\/2024\/05\/Informatie-2-1.jpg\"><img loading=\"lazy\" decoding=\"async\" width=\"650\" height=\"394\" src=\"https:\/\/www.stagegent.org\/content\/wp-content\/uploads\/2024\/05\/Informatie-2-1.jpg\" alt=\"\" class=\"wp-image-5158\" srcset=\"https:\/\/www.stagegent.org\/content\/wp-content\/uploads\/2024\/05\/Informatie-2-1.jpg 650w, https:\/\/www.stagegent.org\/content\/wp-content\/uploads\/2024\/05\/Informatie-2-1-300x182.jpg 300w\" sizes=\"auto, (max-width: 650px) 100vw, 650px\" \/><\/a><\/figure>\n<\/div>\n\n\n\n<div class=\"wp-block-column is-layout-flow wp-block-column-is-layout-flow\">\n<figure class=\"wp-block-image size-full\"><a href=\"https:\/\/www.stagegent.org\/content\/wp-content\/uploads\/2024\/05\/Informatie-3-1.jpg\"><img loading=\"lazy\" decoding=\"async\" width=\"586\" height=\"391\" src=\"https:\/\/www.stagegent.org\/content\/wp-content\/uploads\/2024\/05\/Informatie-3-1.jpg\" alt=\"\" class=\"wp-image-5159\" srcset=\"https:\/\/www.stagegent.org\/content\/wp-content\/uploads\/2024\/05\/Informatie-3-1.jpg 586w, https:\/\/www.stagegent.org\/content\/wp-content\/uploads\/2024\/05\/Informatie-3-1-300x200.jpg 300w\" sizes=\"auto, (max-width: 586px) 100vw, 586px\" \/><\/a><\/figure>\n<\/div>\n<\/div>\n\n\n\n<h3 class=\"wp-block-heading\"><strong>Horaires<\/strong><\/h3>\n\n\n\n<figure class=\"wp-block-table\"><table><tbody><tr><td>&nbsp;<\/td><td><strong>VENDREDI 4 JUILLET 2025<\/strong><\/td><td><strong>SAMEDI 5 JUILLET 2025<\/strong><\/td><td><strong>DIMANCHE 6 JUILLET 2025<\/strong><\/td><\/tr><tr><td><strong>AVANT-MIDI 1<\/strong><\/td><td>\u2014\u2013<\/td><td>10:00 \u2013 11:15 (grades kyu)<\/td><td>10:00 \u2013 11:15 (grades dan &amp; jeunes)<\/td><\/tr><tr><td><strong>AVANT-MIDI 2<\/strong><\/td><td>\u2014\u2013<\/td><td>11:30 \u2013 12:45 (grades dan &amp; jeunes)<\/td><td>11:30 \u2013 12:45 (grades kyu)<\/td><\/tr><tr><td><strong>APRES-MIDI 3<\/strong><\/td><td>13:00 \u2013 14:15 (grades dan &amp; jeunes)<\/td><td>13:15 \u2013 14:30 (grades kyu)<\/td><td>13:15 \u2013 14:30 (grades dan &amp; jeunes)<\/td><\/tr><tr><td><strong>APRES-MIDI 4<\/strong><\/td><td>14:30 \u2013 15:45 (grades kyu)<\/td><td>14:45 \u2013 16:00 (grades dan &amp; jeunes)<\/td><td>14:45 \u2013 16:00 (grades kyu)<\/td><\/tr><tr><td><strong>APRES-MIDI 5<\/strong><\/td><td>16:00 \u2013 17:15 (grades dan &amp; jeunes)<\/td><td>\u2014\u2013<\/td><td>\u2014\u2013<\/td><\/tr><tr><td><strong>APRES-MIDI 6<\/strong><\/td><td>17:30 \u2013 18:45 (grades kyu)<\/td><td>\u2014\u2013<\/td><td>\u2014\u2013<\/td><\/tr><\/tbody><\/table><\/figure>\n\n\n\n<h3 class=\"wp-block-heading\"><strong>Questions<\/strong><\/h3>\n\n\n\n<ul class=\"wp-block-list\">\n<li>Questions relatives aux inscriptions (en individuel et par club): <a href=\"mailto:info@stagegent.org\">info@stagegent.org<\/a>.<\/li>\n\n\n\n<li>Questions relatives \u00e0 l\u2019organisation du stage: <a href=\"mailto:organisatie@stagegent.org\">organisatie@stagegent.org<\/a>.<\/li>\n<\/ul>\n","protected":false},"excerpt":{"rendered":"<p>Enregistrer Attention :&nbsp;NOUVELLE adresse! Vous pouvez vous inscrire le vendredi 4 juillet 2025 \u00e0 partir de 11h30, le samedi 5 juillet 2025 \u00e0 partir de 8h30 et le dimanche 6 juillet 2025 \u00e0 partir de 9h00 : Licence Enfin : les participants \u00e0 ce stage se conforment aux directives de l&#8217;organisation de ce stage et [&hellip;]<\/p>\n","protected":false},"author":1,"featured_media":0,"parent":0,"menu_order":0,"comment_status":"closed","ping_status":"closed","template":"","meta":{"_exactmetrics_skip_tracking":false,"_exactmetrics_sitenote_active":false,"_exactmetrics_sitenote_note":"","_exactmetrics_sitenote_category":0,"footnotes":""},"class_list":["post-3311","page","type-page","status-publish","hentry"],"yoast_head":"<!-- This site is optimized with the Yoast SEO plugin v25.5 - https:\/\/yoast.com\/wordpress\/plugins\/seo\/ -->\n<title>Information - International JKA camp S. Miyazaki<\/title>\n<meta name=\"description\" content=\"Tous l&#039;information concernant le stage internationale JKA S.MIYAZAKI peuvent \u00eatre trouv\u00e9es ici. Tous activit\u00e9es peut \u00e9galement \u00eatre trouv\u00e9e ici.\" \/>\n<meta name=\"robots\" content=\"index, follow, max-snippet:-1, max-image-preview:large, max-video-preview:-1\" \/>\n<link rel=\"canonical\" href=\"https:\/\/www.stagegent.org\/content\/fr\/information\/\" \/>\n<meta property=\"og:locale\" content=\"nl_NL\" \/>\n<meta property=\"og:type\" content=\"article\" \/>\n<meta property=\"og:title\" content=\"Information - International JKA camp S. Miyazaki\" \/>\n<meta property=\"og:description\" content=\"Tous l&#039;information concernant le stage internationale JKA S.MIYAZAKI peuvent \u00eatre trouv\u00e9es ici. Tous activit\u00e9es peut \u00e9galement \u00eatre trouv\u00e9e ici.\" \/>\n<meta property=\"og:url\" content=\"https:\/\/www.stagegent.org\/content\/fr\/information\/\" \/>\n<meta property=\"og:site_name\" content=\"International JKA camp S. Miyazaki\" \/>\n<meta property=\"article:publisher\" content=\"https:\/\/www.facebook.com\/Internationale-JKA-Stage-S-Miyazaki-778343302215981\/\" \/>\n<meta property=\"article:modified_time\" content=\"2025-06-29T18:07:51+00:00\" \/>\n<meta property=\"og:image\" content=\"https:\/\/www.stagegent.org\/content\/wp-content\/uploads\/2024\/05\/Informatie-1-1.jpg\" \/>\n\t<meta property=\"og:image:width\" content=\"702\" \/>\n\t<meta property=\"og:image:height\" content=\"391\" \/>\n\t<meta property=\"og:image:type\" content=\"image\/jpeg\" \/>\n<meta name=\"twitter:card\" content=\"summary_large_image\" \/>\n<meta name=\"twitter:label1\" content=\"Geschatte leestijd\" \/>\n\t<meta name=\"twitter:data1\" content=\"2 minuten\" \/>\n<script type=\"application\/ld+json\" class=\"yoast-schema-graph\">{\"@context\":\"https:\/\/schema.org\",\"@graph\":[{\"@type\":\"WebPage\",\"@id\":\"https:\/\/www.stagegent.org\/content\/fr\/information\/\",\"url\":\"https:\/\/www.stagegent.org\/content\/fr\/information\/\",\"name\":\"Information - International JKA camp S. Miyazaki\",\"isPartOf\":{\"@id\":\"https:\/\/www.stagegent.org\/content\/#website\"},\"primaryImageOfPage\":{\"@id\":\"https:\/\/www.stagegent.org\/content\/fr\/information\/#primaryimage\"},\"image\":{\"@id\":\"https:\/\/www.stagegent.org\/content\/fr\/information\/#primaryimage\"},\"thumbnailUrl\":\"https:\/\/www.stagegent.org\/content\/wp-content\/uploads\/2024\/05\/Informatie-1-1.jpg\",\"datePublished\":\"2024-05-02T15:38:17+00:00\",\"dateModified\":\"2025-06-29T18:07:51+00:00\",\"description\":\"Tous l'information concernant le stage internationale JKA S.MIYAZAKI peuvent \u00eatre trouv\u00e9es ici. Tous activit\u00e9es peut \u00e9galement \u00eatre trouv\u00e9e ici.\",\"breadcrumb\":{\"@id\":\"https:\/\/www.stagegent.org\/content\/fr\/information\/#breadcrumb\"},\"inLanguage\":\"nl-NL\",\"potentialAction\":[{\"@type\":\"ReadAction\",\"target\":[\"https:\/\/www.stagegent.org\/content\/fr\/information\/\"]}]},{\"@type\":\"ImageObject\",\"inLanguage\":\"nl-NL\",\"@id\":\"https:\/\/www.stagegent.org\/content\/fr\/information\/#primaryimage\",\"url\":\"https:\/\/www.stagegent.org\/content\/wp-content\/uploads\/2024\/05\/Informatie-1-1.jpg\",\"contentUrl\":\"https:\/\/www.stagegent.org\/content\/wp-content\/uploads\/2024\/05\/Informatie-1-1.jpg\"},{\"@type\":\"BreadcrumbList\",\"@id\":\"https:\/\/www.stagegent.org\/content\/fr\/information\/#breadcrumb\",\"itemListElement\":[{\"@type\":\"ListItem\",\"position\":1,\"name\":\"Home\",\"item\":\"https:\/\/www.stagegent.org\/content\/bedankt\/\"},{\"@type\":\"ListItem\",\"position\":2,\"name\":\"Information\"}]},{\"@type\":\"WebSite\",\"@id\":\"https:\/\/www.stagegent.org\/content\/#website\",\"url\":\"https:\/\/www.stagegent.org\/content\/\",\"name\":\"International JKA camp S. Miyazaki\",\"description\":\"International JKA camp S. Miyazaki\",\"potentialAction\":[{\"@type\":\"SearchAction\",\"target\":{\"@type\":\"EntryPoint\",\"urlTemplate\":\"https:\/\/www.stagegent.org\/content\/?s={search_term_string}\"},\"query-input\":{\"@type\":\"PropertyValueSpecification\",\"valueRequired\":true,\"valueName\":\"search_term_string\"}}],\"inLanguage\":\"nl-NL\"}]}<\/script>\n<!-- \/ Yoast SEO plugin. -->","yoast_head_json":{"title":"Information - International JKA camp S. Miyazaki","description":"Tous l'information concernant le stage internationale JKA S.MIYAZAKI peuvent \u00eatre trouv\u00e9es ici. Tous activit\u00e9es peut \u00e9galement \u00eatre trouv\u00e9e ici.","robots":{"index":"index","follow":"follow","max-snippet":"max-snippet:-1","max-image-preview":"max-image-preview:large","max-video-preview":"max-video-preview:-1"},"canonical":"https:\/\/www.stagegent.org\/content\/fr\/information\/","og_locale":"nl_NL","og_type":"article","og_title":"Information - International JKA camp S. Miyazaki","og_description":"Tous l'information concernant le stage internationale JKA S.MIYAZAKI peuvent \u00eatre trouv\u00e9es ici. Tous activit\u00e9es peut \u00e9galement \u00eatre trouv\u00e9e ici.","og_url":"https:\/\/www.stagegent.org\/content\/fr\/information\/","og_site_name":"International JKA camp S. Miyazaki","article_publisher":"https:\/\/www.facebook.com\/Internationale-JKA-Stage-S-Miyazaki-778343302215981\/","article_modified_time":"2025-06-29T18:07:51+00:00","og_image":[{"width":702,"height":391,"url":"https:\/\/www.stagegent.org\/content\/wp-content\/uploads\/2024\/05\/Informatie-1-1.jpg","type":"image\/jpeg"}],"twitter_card":"summary_large_image","twitter_misc":{"Geschatte leestijd":"2 minuten"},"schema":{"@context":"https:\/\/schema.org","@graph":[{"@type":"WebPage","@id":"https:\/\/www.stagegent.org\/content\/fr\/information\/","url":"https:\/\/www.stagegent.org\/content\/fr\/information\/","name":"Information - International JKA camp S. Miyazaki","isPartOf":{"@id":"https:\/\/www.stagegent.org\/content\/#website"},"primaryImageOfPage":{"@id":"https:\/\/www.stagegent.org\/content\/fr\/information\/#primaryimage"},"image":{"@id":"https:\/\/www.stagegent.org\/content\/fr\/information\/#primaryimage"},"thumbnailUrl":"https:\/\/www.stagegent.org\/content\/wp-content\/uploads\/2024\/05\/Informatie-1-1.jpg","datePublished":"2024-05-02T15:38:17+00:00","dateModified":"2025-06-29T18:07:51+00:00","description":"Tous l'information concernant le stage internationale JKA S.MIYAZAKI peuvent \u00eatre trouv\u00e9es ici. Tous activit\u00e9es peut \u00e9galement \u00eatre trouv\u00e9e ici.","breadcrumb":{"@id":"https:\/\/www.stagegent.org\/content\/fr\/information\/#breadcrumb"},"inLanguage":"nl-NL","potentialAction":[{"@type":"ReadAction","target":["https:\/\/www.stagegent.org\/content\/fr\/information\/"]}]},{"@type":"ImageObject","inLanguage":"nl-NL","@id":"https:\/\/www.stagegent.org\/content\/fr\/information\/#primaryimage","url":"https:\/\/www.stagegent.org\/content\/wp-content\/uploads\/2024\/05\/Informatie-1-1.jpg","contentUrl":"https:\/\/www.stagegent.org\/content\/wp-content\/uploads\/2024\/05\/Informatie-1-1.jpg"},{"@type":"BreadcrumbList","@id":"https:\/\/www.stagegent.org\/content\/fr\/information\/#breadcrumb","itemListElement":[{"@type":"ListItem","position":1,"name":"Home","item":"https:\/\/www.stagegent.org\/content\/bedankt\/"},{"@type":"ListItem","position":2,"name":"Information"}]},{"@type":"WebSite","@id":"https:\/\/www.stagegent.org\/content\/#website","url":"https:\/\/www.stagegent.org\/content\/","name":"International JKA camp S. Miyazaki","description":"International JKA camp S. Miyazaki","potentialAction":[{"@type":"SearchAction","target":{"@type":"EntryPoint","urlTemplate":"https:\/\/www.stagegent.org\/content\/?s={search_term_string}"},"query-input":{"@type":"PropertyValueSpecification","valueRequired":true,"valueName":"search_term_string"}}],"inLanguage":"nl-NL"}]}},"_links":{"self":[{"href":"https:\/\/www.stagegent.org\/content\/wp-json\/wp\/v2\/pages\/3311","targetHints":{"allow":["GET"]}}],"collection":[{"href":"https:\/\/www.stagegent.org\/content\/wp-json\/wp\/v2\/pages"}],"about":[{"href":"https:\/\/www.stagegent.org\/content\/wp-json\/wp\/v2\/types\/page"}],"author":[{"embeddable":true,"href":"https:\/\/www.stagegent.org\/content\/wp-json\/wp\/v2\/users\/1"}],"replies":[{"embeddable":true,"href":"https:\/\/www.stagegent.org\/content\/wp-json\/wp\/v2\/comments?post=3311"}],"version-history":[{"count":25,"href":"https:\/\/www.stagegent.org\/content\/wp-json\/wp\/v2\/pages\/3311\/revisions"}],"predecessor-version":[{"id":5351,"href":"https:\/\/www.stagegent.org\/content\/wp-json\/wp\/v2\/pages\/3311\/revisions\/5351"}],"wp:attachment":[{"href":"https:\/\/www.stagegent.org\/content\/wp-json\/wp\/v2\/media?parent=3311"}],"curies":[{"name":"wp","href":"https:\/\/api.w.org\/{rel}","templated":true}]}}